{"id":9516,"date":"2025-02-04T20:32:15","date_gmt":"2025-02-04T19:32:15","guid":{"rendered":"https:\/\/www.farakostolna.sk\/?page_id=9516"},"modified":"2025-02-04T20:41:41","modified_gmt":"2025-02-04T19:41:41","slug":"farsky-casopis-2","status":"publish","type":"page","link":"https:\/\/www.farakostolna.sk\/?page_id=9516","title":{"rendered":"Farsk\u00fd \u010dasopis"},"content":{"rendered":"\n<figure class=\"wp-block-gallery has-nested-images columns-default is-cropped wp-block-gallery-1 is-layout-flex wp-block-gallery-is-layout-flex\">\n<figure class=\"wp-block-image size-large\"><a href=\"https:\/\/drive.google.com\/file\/d\/1nEOXv8s1GNaBTsqkcBf3evqYK_5w66Cg\/view?usp=sharing\"><img loading=\"lazy\" decoding=\"async\" width=\"633\" height=\"907\" data-id=\"9540\" src=\"https:\/\/www.farakostolna.sk\/wp-content\/uploads\/2025\/02\/FN34.png\" alt=\"\" class=\"wp-image-9540\" srcset=\"https:\/\/www.farakostolna.sk\/wp-content\/uploads\/2025\/02\/FN34.png 633w, https:\/\/www.farakostolna.sk\/wp-content\/uploads\/2025\/02\/FN34-209x300.png 209w\" sizes=\"auto, (max-width: 633px) 100vw, 633px\" \/><\/a><\/figure>\n\n\n\n<figure class=\"wp-block-image size-large\"><a href=\"https:\/\/drive.google.com\/file\/d\/1AGcUNpWaFqgUgWo_7kMc76_HIyFMCTxN\/view?usp=sharing\"><img loading=\"lazy\" decoding=\"async\" width=\"636\" height=\"905\" data-id=\"9541\" src=\"https:\/\/www.farakostolna.sk\/wp-content\/uploads\/2025\/02\/FN29.png\" alt=\"\" class=\"wp-image-9541\" srcset=\"https:\/\/www.farakostolna.sk\/wp-content\/uploads\/2025\/02\/FN29.png 636w, https:\/\/www.farakostolna.sk\/wp-content\/uploads\/2025\/02\/FN29-211x300.png 211w\" sizes=\"auto, (max-width: 636px) 100vw, 636px\" \/><\/a><\/figure>\n\n\n\n<figure class=\"wp-block-image size-large\"><a href=\"https:\/\/drive.google.com\/file\/d\/1x4Wd0UT8SBUnevdDj4X9hoeJD0rkQ0_S\/view?usp=sharing\"><img loading=\"lazy\" decoding=\"async\" width=\"636\" height=\"902\" data-id=\"9538\" src=\"https:\/\/www.farakostolna.sk\/wp-content\/uploads\/2025\/02\/FN28.png\" alt=\"\" class=\"wp-image-9538\" srcset=\"https:\/\/www.farakostolna.sk\/wp-content\/uploads\/2025\/02\/FN28.png 636w, https:\/\/www.farakostolna.sk\/wp-content\/uploads\/2025\/02\/FN28-212x300.png 212w\" sizes=\"auto, (max-width: 636px) 100vw, 636px\" \/><\/a><\/figure>\n\n\n\n<figure class=\"wp-block-image size-large\"><a href=\"https:\/\/drive.google.com\/file\/d\/1ucmooXjKNJ7NVEnfYndZbPDt_Pe2HIux\/view?usp=sharing\"><img loading=\"lazy\" decoding=\"async\" width=\"637\" height=\"906\" data-id=\"9531\" src=\"https:\/\/www.farakostolna.sk\/wp-content\/uploads\/2025\/02\/FN27.png\" alt=\"\" class=\"wp-image-9531\" srcset=\"https:\/\/www.farakostolna.sk\/wp-content\/uploads\/2025\/02\/FN27.png 637w, https:\/\/www.farakostolna.sk\/wp-content\/uploads\/2025\/02\/FN27-211x300.png 211w\" sizes=\"auto, (max-width: 637px) 100vw, 637px\" \/><\/a><\/figure>\n\n\n\n<figure class=\"wp-block-image size-large\"><a href=\"https:\/\/drive.google.com\/file\/d\/1bzv9CJiO6IxvWs3CIkroaaDCCxmmxDXu\/view?usp=sharing\"><img loading=\"lazy\" decoding=\"async\" width=\"635\" height=\"905\" data-id=\"9547\" src=\"https:\/\/www.farakostolna.sk\/wp-content\/uploads\/2025\/02\/FN26-1.png\" alt=\"\" class=\"wp-image-9547\" srcset=\"https:\/\/www.farakostolna.sk\/wp-content\/uploads\/2025\/02\/FN26-1.png 635w, https:\/\/www.farakostolna.sk\/wp-content\/uploads\/2025\/02\/FN26-1-210x300.png 210w\" sizes=\"auto, (max-width: 635px) 100vw, 635px\" \/><\/a><\/figure>\n\n\n\n<figure class=\"wp-block-image size-large\"><a href=\"https:\/\/drive.google.com\/file\/d\/1chA3l2J7BjBgfPBBK6-UXAQuIJmxfCNt\/view?usp=sharing\"><img loading=\"lazy\" decoding=\"async\" width=\"637\" height=\"907\" data-id=\"9537\" src=\"https:\/\/www.farakostolna.sk\/wp-content\/uploads\/2025\/02\/FN25.png\" alt=\"\" class=\"wp-image-9537\" srcset=\"https:\/\/www.farakostolna.sk\/wp-content\/uploads\/2025\/02\/FN25.png 637w, https:\/\/www.farakostolna.sk\/wp-content\/uploads\/2025\/02\/FN25-211x300.png 211w\" sizes=\"auto, (max-width: 637px) 100vw, 637px\" \/><\/a><\/figure>\n\n\n\n<figure class=\"wp-block-image size-large\"><a href=\"https:\/\/drive.google.com\/file\/d\/1RLx3aY1TKzVwgEuampiOzAjMCOfADXyC\/view?usp=sharing\"><img loading=\"lazy\" decoding=\"async\" width=\"635\" height=\"907\" data-id=\"9518\" src=\"https:\/\/www.farakostolna.sk\/wp-content\/uploads\/2025\/02\/FN24.png\" alt=\"\" class=\"wp-image-9518\" srcset=\"https:\/\/www.farakostolna.sk\/wp-content\/uploads\/2025\/02\/FN24.png 635w, https:\/\/www.farakostolna.sk\/wp-content\/uploads\/2025\/02\/FN24-210x300.png 210w\" sizes=\"auto, (max-width: 635px) 100vw, 635px\" \/><\/a><\/figure>\n\n\n\n<figure class=\"wp-block-image size-large\"><a href=\"https:\/\/drive.google.com\/file\/d\/1zvlZ0K8cq-v8erl851myxkk7CgdLBVh_\/view?usp=sharing\"><img loading=\"lazy\" decoding=\"async\" width=\"633\" height=\"905\" data-id=\"9535\" src=\"https:\/\/www.farakostolna.sk\/wp-content\/uploads\/2025\/02\/FN23.png\" alt=\"\" class=\"wp-image-9535\" srcset=\"https:\/\/www.farakostolna.sk\/wp-content\/uploads\/2025\/02\/FN23.png 633w, https:\/\/www.farakostolna.sk\/wp-content\/uploads\/2025\/02\/FN23-210x300.png 210w\" sizes=\"auto, (max-width: 633px) 100vw, 633px\" \/><\/a><\/figure>\n\n\n\n<figure class=\"wp-block-image size-large\"><a href=\"https:\/\/drive.google.com\/file\/d\/1FCkgBaB8DCqqBL6SLtho8Dde0S_6AgCz\/view?usp=sharing\"><img loading=\"lazy\" decoding=\"async\" width=\"637\" height=\"910\" data-id=\"9534\" src=\"https:\/\/www.farakostolna.sk\/wp-content\/uploads\/2025\/02\/FN22.png\" alt=\"\" class=\"wp-image-9534\" srcset=\"https:\/\/www.farakostolna.sk\/wp-content\/uploads\/2025\/02\/FN22.png 637w, https:\/\/www.farakostolna.sk\/wp-content\/uploads\/2025\/02\/FN22-210x300.png 210w\" sizes=\"auto, (max-width: 637px) 100vw, 637px\" \/><\/a><\/figure>\n\n\n\n<figure class=\"wp-block-image size-large\"><a href=\"https:\/\/drive.google.com\/file\/d\/1uszP_SJDs4biwxz_V0lciTjDw2YI5aF1\/view?usp=sharing\"><img loading=\"lazy\" decoding=\"async\" width=\"637\" height=\"911\" data-id=\"9539\" src=\"https:\/\/www.farakostolna.sk\/wp-content\/uploads\/2025\/02\/FN21.png\" alt=\"\" class=\"wp-image-9539\" srcset=\"https:\/\/www.farakostolna.sk\/wp-content\/uploads\/2025\/02\/FN21.png 637w, https:\/\/www.farakostolna.sk\/wp-content\/uploads\/2025\/02\/FN21-210x300.png 210w\" sizes=\"auto, (max-width: 637px) 100vw, 637px\" \/><\/a><\/figure>\n\n\n\n<figure class=\"wp-block-image size-large\"><a href=\"https:\/\/drive.google.com\/file\/d\/1y7BEXWS-HcQy4Zbd3puhiiS3sihxuS_z\/view?usp=sharing\"><img loading=\"lazy\" decoding=\"async\" width=\"632\" height=\"906\" data-id=\"9536\" src=\"https:\/\/www.farakostolna.sk\/wp-content\/uploads\/2025\/02\/FN20.png\" alt=\"\" class=\"wp-image-9536\" srcset=\"https:\/\/www.farakostolna.sk\/wp-content\/uploads\/2025\/02\/FN20.png 632w, https:\/\/www.farakostolna.sk\/wp-content\/uploads\/2025\/02\/FN20-209x300.png 209w\" sizes=\"auto, (max-width: 632px) 100vw, 632px\" \/><\/a><\/figure>\n\n\n\n<figure class=\"wp-block-image size-large\"><a href=\"https:\/\/drive.google.com\/file\/d\/17ka3BckYzwMxkQoiWJNY3xOwKZ8n8V4M\/view?usp=sharing\"><img loading=\"lazy\" decoding=\"async\" width=\"628\" height=\"901\" data-id=\"9529\" src=\"https:\/\/www.farakostolna.sk\/wp-content\/uploads\/2025\/02\/FN19.png\" alt=\"\" class=\"wp-image-9529\" srcset=\"https:\/\/www.farakostolna.sk\/wp-content\/uploads\/2025\/02\/FN19.png 628w, https:\/\/www.farakostolna.sk\/wp-content\/uploads\/2025\/02\/FN19-209x300.png 209w\" sizes=\"auto, (max-width: 628px) 100vw, 628px\" \/><\/a><\/figure>\n\n\n\n<figure class=\"wp-block-image size-large\"><a href=\"https:\/\/drive.google.com\/file\/d\/1WiI9thfIlIPpa1F1urH76eCSt3COzDMd\/view?usp=sharing\"><img loading=\"lazy\" decoding=\"async\" width=\"627\" height=\"901\" data-id=\"9542\" src=\"https:\/\/www.farakostolna.sk\/wp-content\/uploads\/2025\/02\/FN18.png\" alt=\"\" class=\"wp-image-9542\" srcset=\"https:\/\/www.farakostolna.sk\/wp-content\/uploads\/2025\/02\/FN18.png 627w, https:\/\/www.farakostolna.sk\/wp-content\/uploads\/2025\/02\/FN18-209x300.png 209w\" sizes=\"auto, (max-width: 627px) 100vw, 627px\" \/><\/a><\/figure>\n\n\n\n<figure class=\"wp-block-image size-large\"><a href=\"https:\/\/drive.google.com\/file\/d\/12PWVhoCvoDUhR_clmd-ni4csUyd6oeif\/view?usp=sharing\"><img loading=\"lazy\" decoding=\"async\" width=\"640\" height=\"905\" data-id=\"9517\" src=\"https:\/\/www.farakostolna.sk\/wp-content\/uploads\/2025\/02\/FN17.png\" alt=\"\" class=\"wp-image-9517\" srcset=\"https:\/\/www.farakostolna.sk\/wp-content\/uploads\/2025\/02\/FN17.png 640w, https:\/\/www.farakostolna.sk\/wp-content\/uploads\/2025\/02\/FN17-212x300.png 212w\" sizes=\"auto, (max-width: 640px) 100vw, 640px\" \/><\/a><\/figure>\n\n\n\n<figure class=\"wp-block-image size-large\"><a href=\"https:\/\/drive.google.com\/file\/d\/1TuD9obzTBsh2fh3u8elP_CyOtc5-h9Tx\/view?usp=sharing\"><img loading=\"lazy\" decoding=\"async\" width=\"641\" height=\"902\" data-id=\"9546\" src=\"https:\/\/www.farakostolna.sk\/wp-content\/uploads\/2025\/02\/FN16.png\" alt=\"\" class=\"wp-image-9546\" srcset=\"https:\/\/www.farakostolna.sk\/wp-content\/uploads\/2025\/02\/FN16.png 641w, https:\/\/www.farakostolna.sk\/wp-content\/uploads\/2025\/02\/FN16-213x300.png 213w\" sizes=\"auto, (max-width: 641px) 100vw, 641px\" \/><\/a><\/figure>\n\n\n\n<figure class=\"wp-block-image size-large\"><a href=\"https:\/\/drive.google.com\/file\/d\/1etV6w5-uHsmKE83rLf8B9SSWmR05WdPK\/view?usp=sharing\"><img loading=\"lazy\" decoding=\"async\" width=\"633\" height=\"905\" data-id=\"9533\" src=\"https:\/\/www.farakostolna.sk\/wp-content\/uploads\/2025\/02\/FN15.png\" alt=\"\" class=\"wp-image-9533\" srcset=\"https:\/\/www.farakostolna.sk\/wp-content\/uploads\/2025\/02\/FN15.png 633w, https:\/\/www.farakostolna.sk\/wp-content\/uploads\/2025\/02\/FN15-210x300.png 210w\" sizes=\"auto, (max-width: 633px) 100vw, 633px\" \/><\/a><\/figure>\n\n\n\n<figure class=\"wp-block-image size-large\"><a href=\"https:\/\/drive.google.com\/file\/d\/1V-ppbgXtsiWxCgs64MDzxDHQIQSZAlsR\/view?usp=sharing\"><img loading=\"lazy\" decoding=\"async\" width=\"637\" height=\"907\" data-id=\"9519\" src=\"https:\/\/www.farakostolna.sk\/wp-content\/uploads\/2025\/02\/FN14.png\" alt=\"\" class=\"wp-image-9519\" srcset=\"https:\/\/www.farakostolna.sk\/wp-content\/uploads\/2025\/02\/FN14.png 637w, https:\/\/www.farakostolna.sk\/wp-content\/uploads\/2025\/02\/FN14-211x300.png 211w\" sizes=\"auto, (max-width: 637px) 100vw, 637px\" \/><\/a><\/figure>\n\n\n\n<figure class=\"wp-block-image size-large\"><a href=\"https:\/\/drive.google.com\/file\/d\/1vsWXAzQdUnxYyAkde02iV6uxI2zB3y1E\/view?usp=sharing\"><img loading=\"lazy\" decoding=\"async\" width=\"633\" height=\"906\" data-id=\"9521\" src=\"https:\/\/www.farakostolna.sk\/wp-content\/uploads\/2025\/02\/FN13.png\" alt=\"\" class=\"wp-image-9521\" srcset=\"https:\/\/www.farakostolna.sk\/wp-content\/uploads\/2025\/02\/FN13.png 633w, https:\/\/www.farakostolna.sk\/wp-content\/uploads\/2025\/02\/FN13-210x300.png 210w\" sizes=\"auto, (max-width: 633px) 100vw, 633px\" \/><\/a><\/figure>\n\n\n\n<figure class=\"wp-block-image size-large\"><a href=\"https:\/\/drive.google.com\/file\/d\/1WQORvaIMEWfLZGoiTI440NnU_r3Nt3-9\/view?usp=sharing\"><img loading=\"lazy\" decoding=\"async\" width=\"637\" height=\"907\" data-id=\"9528\" src=\"https:\/\/www.farakostolna.sk\/wp-content\/uploads\/2025\/02\/FN12.png\" alt=\"\" class=\"wp-image-9528\" srcset=\"https:\/\/www.farakostolna.sk\/wp-content\/uploads\/2025\/02\/FN12.png 637w, https:\/\/www.farakostolna.sk\/wp-content\/uploads\/2025\/02\/FN12-211x300.png 211w\" sizes=\"auto, (max-width: 637px) 100vw, 637px\" \/><\/a><\/figure>\n\n\n\n<figure class=\"wp-block-image size-large\"><a href=\"https:\/\/drive.google.com\/file\/d\/1G3u0CPv9s-rm7HA0GYIQICDKWcp1lWcG\/view?usp=sharing\"><img loading=\"lazy\" decoding=\"async\" width=\"632\" height=\"902\" data-id=\"9527\" src=\"https:\/\/www.farakostolna.sk\/wp-content\/uploads\/2025\/02\/FN11.png\" alt=\"\" class=\"wp-image-9527\" srcset=\"https:\/\/www.farakostolna.sk\/wp-content\/uploads\/2025\/02\/FN11.png 632w, https:\/\/www.farakostolna.sk\/wp-content\/uploads\/2025\/02\/FN11-210x300.png 210w\" sizes=\"auto, (max-width: 632px) 100vw, 632px\" \/><\/a><\/figure>\n\n\n\n<figure class=\"wp-block-image size-large\"><a href=\"https:\/\/drive.google.com\/file\/d\/1fVqRC_6S4qPP1NC4-7YDpNCCaIMeoaG-\/view?usp=sharing\"><img loading=\"lazy\" decoding=\"async\" width=\"632\" height=\"907\" data-id=\"9524\" src=\"https:\/\/www.farakostolna.sk\/wp-content\/uploads\/2025\/02\/FN10.png\" alt=\"\" class=\"wp-image-9524\" srcset=\"https:\/\/www.farakostolna.sk\/wp-content\/uploads\/2025\/02\/FN10.png 632w, https:\/\/www.farakostolna.sk\/wp-content\/uploads\/2025\/02\/FN10-209x300.png 209w\" sizes=\"auto, (max-width: 632px) 100vw, 632px\" \/><\/a><\/figure>\n\n\n\n<figure class=\"wp-block-image size-large\"><a href=\"https:\/\/drive.google.com\/file\/d\/1XZapda1XPuW84N9_glS3gjCzcN1aVyBy\/view?usp=sharing\"><img loading=\"lazy\" decoding=\"async\" width=\"633\" height=\"905\" data-id=\"9520\" src=\"https:\/\/www.farakostolna.sk\/wp-content\/uploads\/2025\/02\/FN9.png\" alt=\"\" class=\"wp-image-9520\" srcset=\"https:\/\/www.farakostolna.sk\/wp-content\/uploads\/2025\/02\/FN9.png 633w, https:\/\/www.farakostolna.sk\/wp-content\/uploads\/2025\/02\/FN9-210x300.png 210w\" sizes=\"auto, (max-width: 633px) 100vw, 633px\" \/><\/a><\/figure>\n\n\n\n<figure class=\"wp-block-image size-large\"><a href=\"https:\/\/drive.google.com\/file\/d\/1N5HZWSi6VvjIa-qrfjSyPWwh7qOqYPIK\/view?usp=sharing\"><img loading=\"lazy\" decoding=\"async\" width=\"636\" height=\"905\" data-id=\"9523\" src=\"https:\/\/www.farakostolna.sk\/wp-content\/uploads\/2025\/02\/FN8.png\" alt=\"\" class=\"wp-image-9523\" srcset=\"https:\/\/www.farakostolna.sk\/wp-content\/uploads\/2025\/02\/FN8.png 636w, https:\/\/www.farakostolna.sk\/wp-content\/uploads\/2025\/02\/FN8-211x300.png 211w\" sizes=\"auto, (max-width: 636px) 100vw, 636px\" \/><\/a><\/figure>\n\n\n\n<figure class=\"wp-block-image size-large\"><a href=\"https:\/\/drive.google.com\/file\/d\/1D_3ToK3V9rHSMzg80xmhrJ3f_3QNRxyn\/view?usp=sharing\"><img loading=\"lazy\" decoding=\"async\" width=\"637\" height=\"911\" data-id=\"9526\" src=\"https:\/\/www.farakostolna.sk\/wp-content\/uploads\/2025\/02\/FN7.png\" alt=\"\" class=\"wp-image-9526\" srcset=\"https:\/\/www.farakostolna.sk\/wp-content\/uploads\/2025\/02\/FN7.png 637w, https:\/\/www.farakostolna.sk\/wp-content\/uploads\/2025\/02\/FN7-210x300.png 210w\" sizes=\"auto, (max-width: 637px) 100vw, 637px\" \/><\/a><\/figure>\n\n\n\n<figure class=\"wp-block-image size-large\"><a href=\"https:\/\/drive.google.com\/file\/d\/10sTVJyzuwrUDuq9XXLWrqVsZkx9tJ6x7\/view?usp=sharing\"><img loading=\"lazy\" decoding=\"async\" width=\"637\" height=\"908\" data-id=\"9525\" src=\"https:\/\/www.farakostolna.sk\/wp-content\/uploads\/2025\/02\/FN6.png\" alt=\"\" class=\"wp-image-9525\" srcset=\"https:\/\/www.farakostolna.sk\/wp-content\/uploads\/2025\/02\/FN6.png 637w, https:\/\/www.farakostolna.sk\/wp-content\/uploads\/2025\/02\/FN6-210x300.png 210w\" sizes=\"auto, (max-width: 637px) 100vw, 637px\" \/><\/a><\/figure>\n\n\n\n<figure class=\"wp-block-image size-large\"><a href=\"https:\/\/drive.google.com\/file\/d\/1XuTDJjT5GEPuMuvjDvC9S9GhrnJkxc-s\/view?usp=sharing\"><img loading=\"lazy\" decoding=\"async\" width=\"641\" height=\"902\" data-id=\"9522\" src=\"https:\/\/www.farakostolna.sk\/wp-content\/uploads\/2025\/02\/FN5.png\" alt=\"\" class=\"wp-image-9522\" srcset=\"https:\/\/www.farakostolna.sk\/wp-content\/uploads\/2025\/02\/FN5.png 641w, https:\/\/www.farakostolna.sk\/wp-content\/uploads\/2025\/02\/FN5-213x300.png 213w\" sizes=\"auto, (max-width: 641px) 100vw, 641px\" \/><\/a><\/figure>\n\n\n\n<figure class=\"wp-block-image size-large\"><a href=\"https:\/\/drive.google.com\/file\/d\/1WpnX8CDwRrGSlSfOuDWBzV9DQVceYdeG\/view?usp=sharing\"><img loading=\"lazy\" decoding=\"async\" width=\"641\" height=\"915\" data-id=\"9532\" src=\"https:\/\/www.farakostolna.sk\/wp-content\/uploads\/2025\/02\/FN4.png\" alt=\"\" class=\"wp-image-9532\" srcset=\"https:\/\/www.farakostolna.sk\/wp-content\/uploads\/2025\/02\/FN4.png 641w, https:\/\/www.farakostolna.sk\/wp-content\/uploads\/2025\/02\/FN4-210x300.png 210w\" sizes=\"auto, (max-width: 641px) 100vw, 641px\" \/><\/a><\/figure>\n\n\n\n<figure class=\"wp-block-image size-large\"><a href=\"https:\/\/drive.google.com\/file\/d\/1L30pWdphXABma6q_BR-u0fghzdiJHWIm\/view?usp=sharing\"><img loading=\"lazy\" decoding=\"async\" width=\"627\" height=\"886\" data-id=\"9543\" src=\"https:\/\/www.farakostolna.sk\/wp-content\/uploads\/2025\/02\/FN2.png\" alt=\"\" class=\"wp-image-9543\" srcset=\"https:\/\/www.farakostolna.sk\/wp-content\/uploads\/2025\/02\/FN2.png 627w, https:\/\/www.farakostolna.sk\/wp-content\/uploads\/2025\/02\/FN2-212x300.png 212w\" sizes=\"auto, (max-width: 627px) 100vw, 627px\" \/><\/a><\/figure>\n\n\n\n<figure class=\"wp-block-image size-large\"><a href=\"https:\/\/drive.google.com\/file\/d\/1Z2FBqVhipjXuLGfvzZaaX0QM1bxHh6ZN\/view?usp=sharing\"><img loading=\"lazy\" decoding=\"async\" width=\"622\" height=\"878\" data-id=\"9545\" src=\"https:\/\/www.farakostolna.sk\/wp-content\/uploads\/2025\/02\/FN1.png\" alt=\"\" class=\"wp-image-9545\" srcset=\"https:\/\/www.farakostolna.sk\/wp-content\/uploads\/2025\/02\/FN1.png 622w, https:\/\/www.farakostolna.sk\/wp-content\/uploads\/2025\/02\/FN1-213x300.png 213w\" sizes=\"auto, (max-width: 622px) 100vw, 622px\" \/><\/a><\/figure>\n\n\n\n<figure class=\"wp-block-image size-large\"><a href=\"https:\/\/drive.google.com\/file\/d\/1pfFau_pEm8SwARreeA--dXsRKYNusLpz\/view?usp=sharing\"><img loading=\"lazy\" decoding=\"async\" width=\"625\" height=\"837\" data-id=\"9544\" src=\"https:\/\/www.farakostolna.sk\/wp-content\/uploads\/2025\/02\/FN0.png\" alt=\"\" class=\"wp-image-9544\" srcset=\"https:\/\/www.farakostolna.sk\/wp-content\/uploads\/2025\/02\/FN0.png 625w, https:\/\/www.farakostolna.sk\/wp-content\/uploads\/2025\/02\/FN0-224x300.png 224w\" sizes=\"auto, (max-width: 625px) 100vw, 625px\" \/><\/a><\/figure>\n<\/figure>\n\n\n\n<p><\/p>\n\n\n\n<p><a href=\"https:\/\/www.farakostolna.sk\/?page_id=9508\">&lt;&lt;&lt;\u00a0<strong>Farsk\u00e9 noviny \u010d\u00edsla 35 \u2013 67<\/strong><\/a><\/p>\n","protected":false},"excerpt":{"rendered":"<p>&lt;&lt;&lt;\u00a0Farsk\u00e9 noviny \u010d\u00edsla 35 \u2013 67<\/p>\n","protected":false},"author":7,"featured_media":0,"parent":0,"menu_order":0,"comment_status":"closed","ping_status":"closed","template":"","meta":{"footnotes":""},"class_list":["entry","page","publish","author-slado89gmail-com","post-9516"],"_links":{"self":[{"href":"https:\/\/www.farakostolna.sk\/index.php?rest_route=\/wp\/v2\/pages\/9516","targetHints":{"allow":["GET"]}}],"collection":[{"href":"https:\/\/www.farakostolna.sk\/index.php?rest_route=\/wp\/v2\/pages"}],"about":[{"href":"https:\/\/www.farakostolna.sk\/index.php?rest_route=\/wp\/v2\/types\/page"}],"author":[{"embeddable":true,"href":"https:\/\/www.farakostolna.sk\/index.php?rest_route=\/wp\/v2\/users\/7"}],"replies":[{"embeddable":true,"href":"https:\/\/www.farakostolna.sk\/index.php?rest_route=%2Fwp%2Fv2%2Fcomments&post=9516"}],"version-history":[{"count":3,"href":"https:\/\/www.farakostolna.sk\/index.php?rest_route=\/wp\/v2\/pages\/9516\/revisions"}],"predecessor-version":[{"id":9551,"href":"https:\/\/www.farakostolna.sk\/index.php?rest_route=\/wp\/v2\/pages\/9516\/revisions\/9551"}],"wp:attachment":[{"href":"https:\/\/www.farakostolna.sk\/index.php?rest_route=%2Fwp%2Fv2%2Fmedia&parent=9516"}],"curies":[{"name":"wp","href":"https:\/\/api.w.org\/{rel}","templated":true}]}}