{"id":9508,"date":"2025-02-04T19:43:57","date_gmt":"2025-02-04T18:43:57","guid":{"rendered":"https:\/\/www.farakostolna.sk\/?page_id=9508"},"modified":"2025-02-04T21:10:51","modified_gmt":"2025-02-04T20:10:51","slug":"farsky-casopis","status":"publish","type":"page","link":"https:\/\/www.farakostolna.sk\/?page_id=9508","title":{"rendered":"Farsk\u00fd \u010dasopis"},"content":{"rendered":"\n<div class=\"wp-block-group\"><div class=\"wp-block-group__inner-container is-layout-constrained wp-block-group-is-layout-constrained\">\n<figure class=\"wp-block-gallery has-nested-images columns-default is-cropped wp-block-gallery-1 is-layout-flex wp-block-gallery-is-layout-flex\">\n<figure class=\"wp-block-image size-full\"><a href=\"https:\/\/drive.google.com\/file\/d\/1QDjuA4FrXqjzeiH0vrhNdjiXqwzRYjqt\/view?usp=sharing\"><img loading=\"lazy\" decoding=\"async\" width=\"639\" height=\"909\" data-id=\"9486\" src=\"https:\/\/www.farakostolna.sk\/wp-content\/uploads\/2025\/02\/FN67.png\" alt=\"\" class=\"wp-image-9486\" srcset=\"https:\/\/www.farakostolna.sk\/wp-content\/uploads\/2025\/02\/FN67.png 639w, https:\/\/www.farakostolna.sk\/wp-content\/uploads\/2025\/02\/FN67-211x300.png 211w\" sizes=\"auto, (max-width: 639px) 100vw, 639px\" \/><\/a><\/figure>\n\n\n\n<figure class=\"wp-block-image size-large\"><a href=\"https:\/\/drive.google.com\/file\/d\/15i4o5W_caDugmC0QLR8IY4CDP2kdsAKu\/view?usp=sharing\"><img loading=\"lazy\" decoding=\"async\" width=\"639\" height=\"902\" data-id=\"9493\" src=\"https:\/\/www.farakostolna.sk\/wp-content\/uploads\/2025\/02\/FN66.png\" alt=\"\" class=\"wp-image-9493\" srcset=\"https:\/\/www.farakostolna.sk\/wp-content\/uploads\/2025\/02\/FN66.png 639w, https:\/\/www.farakostolna.sk\/wp-content\/uploads\/2025\/02\/FN66-213x300.png 213w\" sizes=\"auto, (max-width: 639px) 100vw, 639px\" \/><\/a><\/figure>\n\n\n\n<figure class=\"wp-block-image size-large\"><a href=\"https:\/\/drive.google.com\/file\/d\/1se1jXoa6voHYt77ASYtjT_jn6edlS3FC\/view?usp=sharing\"><img loading=\"lazy\" decoding=\"async\" width=\"640\" height=\"903\" data-id=\"9489\" src=\"https:\/\/www.farakostolna.sk\/wp-content\/uploads\/2025\/02\/FN65.png\" alt=\"\" class=\"wp-image-9489\" srcset=\"https:\/\/www.farakostolna.sk\/wp-content\/uploads\/2025\/02\/FN65.png 640w, https:\/\/www.farakostolna.sk\/wp-content\/uploads\/2025\/02\/FN65-213x300.png 213w\" sizes=\"auto, (max-width: 640px) 100vw, 640px\" \/><\/a><\/figure>\n\n\n\n<figure class=\"wp-block-image size-large\"><a href=\"https:\/\/drive.google.com\/file\/d\/1ireXnjo01dtRws0oNICtUcNgo2WU3yma\/view?usp=sharing\"><img loading=\"lazy\" decoding=\"async\" width=\"657\" height=\"837\" data-id=\"9492\" src=\"https:\/\/www.farakostolna.sk\/wp-content\/uploads\/2025\/02\/FN64.png\" alt=\"\" class=\"wp-image-9492\" srcset=\"https:\/\/www.farakostolna.sk\/wp-content\/uploads\/2025\/02\/FN64.png 657w, https:\/\/www.farakostolna.sk\/wp-content\/uploads\/2025\/02\/FN64-235x300.png 235w\" sizes=\"auto, (max-width: 657px) 100vw, 657px\" \/><\/a><\/figure>\n\n\n\n<figure class=\"wp-block-image size-large\"><a href=\"https:\/\/drive.google.com\/file\/d\/1oEiiEekoxy296GJHk_Mba3Tde9fgrwqF\/view?usp=sharing\"><img loading=\"lazy\" decoding=\"async\" width=\"637\" height=\"906\" data-id=\"9488\" src=\"https:\/\/www.farakostolna.sk\/wp-content\/uploads\/2025\/02\/FN63.png\" alt=\"\" class=\"wp-image-9488\" srcset=\"https:\/\/www.farakostolna.sk\/wp-content\/uploads\/2025\/02\/FN63.png 637w, https:\/\/www.farakostolna.sk\/wp-content\/uploads\/2025\/02\/FN63-211x300.png 211w\" sizes=\"auto, (max-width: 637px) 100vw, 637px\" \/><\/a><\/figure>\n\n\n\n<figure class=\"wp-block-image size-large\"><a href=\"https:\/\/drive.google.com\/file\/d\/1wQmrjuG60HrzbdVK7BTzE_n9CguM_-rD\/view?usp=sharing\"><img loading=\"lazy\" decoding=\"async\" width=\"636\" height=\"901\" data-id=\"9491\" src=\"https:\/\/www.farakostolna.sk\/wp-content\/uploads\/2025\/02\/FN62.png\" alt=\"\" class=\"wp-image-9491\" srcset=\"https:\/\/www.farakostolna.sk\/wp-content\/uploads\/2025\/02\/FN62.png 636w, https:\/\/www.farakostolna.sk\/wp-content\/uploads\/2025\/02\/FN62-212x300.png 212w\" sizes=\"auto, (max-width: 636px) 100vw, 636px\" \/><\/a><\/figure>\n\n\n\n<figure class=\"wp-block-image size-large\"><a href=\"https:\/\/drive.google.com\/file\/d\/1fYrh3KvkpTUfiy4OI_2oyxLZEYVZBfiy\/view?usp=sharing\"><img loading=\"lazy\" decoding=\"async\" width=\"636\" height=\"908\" data-id=\"9490\" src=\"https:\/\/www.farakostolna.sk\/wp-content\/uploads\/2025\/02\/FN61.png\" alt=\"\" class=\"wp-image-9490\" srcset=\"https:\/\/www.farakostolna.sk\/wp-content\/uploads\/2025\/02\/FN61.png 636w, https:\/\/www.farakostolna.sk\/wp-content\/uploads\/2025\/02\/FN61-210x300.png 210w\" sizes=\"auto, (max-width: 636px) 100vw, 636px\" \/><\/a><\/figure>\n\n\n\n<figure class=\"wp-block-image size-large\"><a href=\"https:\/\/drive.google.com\/file\/d\/1tBq-xjDY0Bag7x5uSsrno_FDpGE-X1Av\/view?usp=sharing\"><img loading=\"lazy\" decoding=\"async\" width=\"638\" height=\"906\" data-id=\"9496\" src=\"https:\/\/www.farakostolna.sk\/wp-content\/uploads\/2025\/02\/FN60.png\" alt=\"\" class=\"wp-image-9496\" srcset=\"https:\/\/www.farakostolna.sk\/wp-content\/uploads\/2025\/02\/FN60.png 638w, https:\/\/www.farakostolna.sk\/wp-content\/uploads\/2025\/02\/FN60-211x300.png 211w\" sizes=\"auto, (max-width: 638px) 100vw, 638px\" \/><\/a><\/figure>\n\n\n\n<figure class=\"wp-block-image size-large\"><a href=\"https:\/\/drive.google.com\/file\/d\/1wytx0a31rfUVQQGg4R5_Tp75VFC8GrcA\/view?usp=sharing\"><img loading=\"lazy\" decoding=\"async\" width=\"638\" height=\"908\" data-id=\"9497\" src=\"https:\/\/www.farakostolna.sk\/wp-content\/uploads\/2025\/02\/FN59.png\" alt=\"\" class=\"wp-image-9497\" srcset=\"https:\/\/www.farakostolna.sk\/wp-content\/uploads\/2025\/02\/FN59.png 638w, https:\/\/www.farakostolna.sk\/wp-content\/uploads\/2025\/02\/FN59-211x300.png 211w\" sizes=\"auto, (max-width: 638px) 100vw, 638px\" \/><\/a><\/figure>\n\n\n\n<figure class=\"wp-block-image size-large\"><a href=\"https:\/\/drive.google.com\/file\/d\/1tK9rrx8yNHqriuxTkYrDn9vhrMM13toN\/view?usp=sharing\"><img loading=\"lazy\" decoding=\"async\" width=\"639\" height=\"907\" data-id=\"9495\" src=\"https:\/\/www.farakostolna.sk\/wp-content\/uploads\/2025\/02\/FN58.png\" alt=\"\" class=\"wp-image-9495\" srcset=\"https:\/\/www.farakostolna.sk\/wp-content\/uploads\/2025\/02\/FN58.png 639w, https:\/\/www.farakostolna.sk\/wp-content\/uploads\/2025\/02\/FN58-211x300.png 211w\" sizes=\"auto, (max-width: 639px) 100vw, 639px\" \/><\/a><\/figure>\n\n\n\n<figure class=\"wp-block-image size-large\"><a href=\"https:\/\/drive.google.com\/file\/d\/1u7fUqgjKOT5BQvBYE8bFWHtP1rhGbzDl\/view?usp=sharing\"><img loading=\"lazy\" decoding=\"async\" width=\"635\" height=\"901\" data-id=\"9498\" src=\"https:\/\/www.farakostolna.sk\/wp-content\/uploads\/2025\/02\/FN57.png\" alt=\"\" class=\"wp-image-9498\" srcset=\"https:\/\/www.farakostolna.sk\/wp-content\/uploads\/2025\/02\/FN57.png 635w, https:\/\/www.farakostolna.sk\/wp-content\/uploads\/2025\/02\/FN57-211x300.png 211w\" sizes=\"auto, (max-width: 635px) 100vw, 635px\" \/><\/a><\/figure>\n\n\n\n<figure class=\"wp-block-image size-large\"><a href=\"https:\/\/drive.google.com\/file\/d\/1Lzas_F1uUloFrX0KxnPxxcgDqU9voipR\/view?usp=sharing\"><img loading=\"lazy\" decoding=\"async\" width=\"636\" height=\"908\" data-id=\"9500\" src=\"https:\/\/www.farakostolna.sk\/wp-content\/uploads\/2025\/02\/FN56.png\" alt=\"\" class=\"wp-image-9500\" srcset=\"https:\/\/www.farakostolna.sk\/wp-content\/uploads\/2025\/02\/FN56.png 636w, https:\/\/www.farakostolna.sk\/wp-content\/uploads\/2025\/02\/FN56-210x300.png 210w\" sizes=\"auto, (max-width: 636px) 100vw, 636px\" \/><\/a><\/figure>\n\n\n\n<figure class=\"wp-block-image size-large\"><a href=\"https:\/\/drive.google.com\/file\/d\/1DtQVCuepf7GwHonAPPeuni4OkRcopgFa\/view?usp=sharing\"><img loading=\"lazy\" decoding=\"async\" width=\"642\" height=\"910\" data-id=\"9499\" src=\"https:\/\/www.farakostolna.sk\/wp-content\/uploads\/2025\/02\/FN55.png\" alt=\"\" class=\"wp-image-9499\" srcset=\"https:\/\/www.farakostolna.sk\/wp-content\/uploads\/2025\/02\/FN55.png 642w, https:\/\/www.farakostolna.sk\/wp-content\/uploads\/2025\/02\/FN55-212x300.png 212w\" sizes=\"auto, (max-width: 642px) 100vw, 642px\" \/><\/a><\/figure>\n\n\n\n<figure class=\"wp-block-image size-large\"><a href=\"https:\/\/drive.google.com\/file\/d\/1RquMVqP0s2rQwxqZWWPAJTsibC-_38fW\/view?usp=sharing\"><img loading=\"lazy\" decoding=\"async\" width=\"633\" height=\"906\" data-id=\"9502\" src=\"https:\/\/www.farakostolna.sk\/wp-content\/uploads\/2025\/02\/FN54.png\" alt=\"\" class=\"wp-image-9502\" srcset=\"https:\/\/www.farakostolna.sk\/wp-content\/uploads\/2025\/02\/FN54.png 633w, https:\/\/www.farakostolna.sk\/wp-content\/uploads\/2025\/02\/FN54-210x300.png 210w\" sizes=\"auto, (max-width: 633px) 100vw, 633px\" \/><\/a><\/figure>\n\n\n\n<figure class=\"wp-block-image size-large\"><a href=\"https:\/\/drive.google.com\/file\/d\/101eoIioglehBY0lglj8u52YcYd88entP\/view?usp=sharing\"><img loading=\"lazy\" decoding=\"async\" width=\"638\" height=\"907\" data-id=\"9501\" src=\"https:\/\/www.farakostolna.sk\/wp-content\/uploads\/2025\/02\/FN53.png\" alt=\"\" class=\"wp-image-9501\" srcset=\"https:\/\/www.farakostolna.sk\/wp-content\/uploads\/2025\/02\/FN53.png 638w, https:\/\/www.farakostolna.sk\/wp-content\/uploads\/2025\/02\/FN53-211x300.png 211w\" sizes=\"auto, (max-width: 638px) 100vw, 638px\" \/><\/a><\/figure>\n\n\n\n<figure class=\"wp-block-image size-large\"><a href=\"https:\/\/drive.google.com\/file\/d\/1gBN03WvRro8cKqTVVcvnBLOyE2dlxV7B\/view?usp=sharing\"><img loading=\"lazy\" decoding=\"async\" width=\"639\" height=\"905\" data-id=\"9503\" src=\"https:\/\/www.farakostolna.sk\/wp-content\/uploads\/2025\/02\/FN52.png\" alt=\"\" class=\"wp-image-9503\" srcset=\"https:\/\/www.farakostolna.sk\/wp-content\/uploads\/2025\/02\/FN52.png 639w, https:\/\/www.farakostolna.sk\/wp-content\/uploads\/2025\/02\/FN52-212x300.png 212w\" sizes=\"auto, (max-width: 639px) 100vw, 639px\" \/><\/a><\/figure>\n\n\n\n<figure class=\"wp-block-image size-large\"><a href=\"https:\/\/drive.google.com\/file\/d\/1-sMPrNcfgP8r424zRMTacm20k1ymELHc\/view?usp=sharing\"><img loading=\"lazy\" decoding=\"async\" width=\"637\" height=\"908\" data-id=\"9504\" src=\"https:\/\/www.farakostolna.sk\/wp-content\/uploads\/2025\/02\/FN51.png\" alt=\"\" class=\"wp-image-9504\" srcset=\"https:\/\/www.farakostolna.sk\/wp-content\/uploads\/2025\/02\/FN51.png 637w, https:\/\/www.farakostolna.sk\/wp-content\/uploads\/2025\/02\/FN51-210x300.png 210w\" sizes=\"auto, (max-width: 637px) 100vw, 637px\" \/><\/a><\/figure>\n\n\n\n<figure class=\"wp-block-image size-large\"><a href=\"https:\/\/drive.google.com\/file\/d\/1lPQ-zqx0IjnOaEfa9XB8fcXaI6lLyNo8\/view?usp=sharing\"><img loading=\"lazy\" decoding=\"async\" width=\"639\" height=\"911\" data-id=\"9505\" src=\"https:\/\/www.farakostolna.sk\/wp-content\/uploads\/2025\/02\/FN50.png\" alt=\"\" class=\"wp-image-9505\" srcset=\"https:\/\/www.farakostolna.sk\/wp-content\/uploads\/2025\/02\/FN50.png 639w, https:\/\/www.farakostolna.sk\/wp-content\/uploads\/2025\/02\/FN50-210x300.png 210w\" sizes=\"auto, (max-width: 639px) 100vw, 639px\" \/><\/a><\/figure>\n\n\n\n<figure class=\"wp-block-image size-large\"><a href=\"https:\/\/drive.google.com\/file\/d\/1svBnUxHcAsyQrareuNXG0FiVSEh24c5L\/view?usp=sharing\"><img loading=\"lazy\" decoding=\"async\" width=\"639\" height=\"906\" data-id=\"9506\" src=\"https:\/\/www.farakostolna.sk\/wp-content\/uploads\/2025\/02\/FN49.png\" alt=\"\" class=\"wp-image-9506\" srcset=\"https:\/\/www.farakostolna.sk\/wp-content\/uploads\/2025\/02\/FN49.png 639w, https:\/\/www.farakostolna.sk\/wp-content\/uploads\/2025\/02\/FN49-212x300.png 212w\" sizes=\"auto, (max-width: 639px) 100vw, 639px\" \/><\/a><\/figure>\n\n\n\n<figure class=\"wp-block-image size-large\"><a href=\"https:\/\/drive.google.com\/file\/d\/1NBxnKJBUd_z2Jkj2qZGq0jMHQHJdT7qP\/view?usp=sharing\"><img loading=\"lazy\" decoding=\"async\" width=\"633\" height=\"906\" data-id=\"9554\" src=\"https:\/\/www.farakostolna.sk\/wp-content\/uploads\/2025\/02\/FN48.png\" alt=\"\" class=\"wp-image-9554\" srcset=\"https:\/\/www.farakostolna.sk\/wp-content\/uploads\/2025\/02\/FN48.png 633w, https:\/\/www.farakostolna.sk\/wp-content\/uploads\/2025\/02\/FN48-210x300.png 210w\" sizes=\"auto, (max-width: 633px) 100vw, 633px\" \/><\/a><\/figure>\n\n\n\n<figure class=\"wp-block-image size-large\"><a href=\"https:\/\/drive.google.com\/file\/d\/1R81X4Kzqs6fJKXACMHhgVjnVQnOtXZZS\/view?usp=sharing\"><img loading=\"lazy\" decoding=\"async\" width=\"632\" height=\"902\" data-id=\"9553\" src=\"https:\/\/www.farakostolna.sk\/wp-content\/uploads\/2025\/02\/FN47.png\" alt=\"\" class=\"wp-image-9553\" srcset=\"https:\/\/www.farakostolna.sk\/wp-content\/uploads\/2025\/02\/FN47.png 632w, https:\/\/www.farakostolna.sk\/wp-content\/uploads\/2025\/02\/FN47-210x300.png 210w\" sizes=\"auto, (max-width: 632px) 100vw, 632px\" \/><\/a><\/figure>\n\n\n\n<figure class=\"wp-block-image size-large\"><a href=\"https:\/\/drive.google.com\/file\/d\/1_avv9JKiuybAFeQ65gLl5TnaXzYJ1iV-\/view?usp=sharing\"><img loading=\"lazy\" decoding=\"async\" width=\"637\" height=\"900\" data-id=\"9555\" src=\"https:\/\/www.farakostolna.sk\/wp-content\/uploads\/2025\/02\/FN46.png\" alt=\"\" class=\"wp-image-9555\" srcset=\"https:\/\/www.farakostolna.sk\/wp-content\/uploads\/2025\/02\/FN46.png 637w, https:\/\/www.farakostolna.sk\/wp-content\/uploads\/2025\/02\/FN46-212x300.png 212w\" sizes=\"auto, (max-width: 637px) 100vw, 637px\" \/><\/a><\/figure>\n\n\n\n<figure class=\"wp-block-image size-large\"><a href=\"https:\/\/drive.google.com\/file\/d\/1fx_An7v47XZTJyVsG9Qe8vc1O9OlhpD_\/view?usp=sharing\"><img loading=\"lazy\" decoding=\"async\" width=\"636\" height=\"902\" data-id=\"9558\" src=\"https:\/\/www.farakostolna.sk\/wp-content\/uploads\/2025\/02\/FN45.png\" alt=\"\" class=\"wp-image-9558\" srcset=\"https:\/\/www.farakostolna.sk\/wp-content\/uploads\/2025\/02\/FN45.png 636w, https:\/\/www.farakostolna.sk\/wp-content\/uploads\/2025\/02\/FN45-212x300.png 212w\" sizes=\"auto, (max-width: 636px) 100vw, 636px\" \/><\/a><\/figure>\n\n\n\n<figure class=\"wp-block-image size-large\"><a href=\"https:\/\/drive.google.com\/file\/d\/1KSIO82gNqMyS31MF1h2CqfROj-TeJA9Y\/view?usp=sharing\"><img loading=\"lazy\" decoding=\"async\" width=\"637\" height=\"898\" data-id=\"9556\" src=\"https:\/\/www.farakostolna.sk\/wp-content\/uploads\/2025\/02\/FN44.png\" alt=\"\" class=\"wp-image-9556\" srcset=\"https:\/\/www.farakostolna.sk\/wp-content\/uploads\/2025\/02\/FN44.png 637w, https:\/\/www.farakostolna.sk\/wp-content\/uploads\/2025\/02\/FN44-213x300.png 213w\" sizes=\"auto, (max-width: 637px) 100vw, 637px\" \/><\/a><\/figure>\n\n\n\n<figure class=\"wp-block-image size-large\"><a href=\"https:\/\/drive.google.com\/file\/d\/102xdoC3ZMTzYNbucF2g3f2moc-3VeDR6\/view?usp=sharing\"><img loading=\"lazy\" decoding=\"async\" width=\"636\" height=\"903\" data-id=\"9557\" src=\"https:\/\/www.farakostolna.sk\/wp-content\/uploads\/2025\/02\/FN43.png\" alt=\"\" class=\"wp-image-9557\" srcset=\"https:\/\/www.farakostolna.sk\/wp-content\/uploads\/2025\/02\/FN43.png 636w, https:\/\/www.farakostolna.sk\/wp-content\/uploads\/2025\/02\/FN43-211x300.png 211w\" sizes=\"auto, (max-width: 636px) 100vw, 636px\" \/><\/a><\/figure>\n\n\n\n<figure class=\"wp-block-image size-large\"><a href=\"https:\/\/drive.google.com\/file\/d\/14JBXfboTRSKJpF6frspjHDco6zhWtX7F\/view?usp=sharing\"><img loading=\"lazy\" decoding=\"async\" width=\"633\" height=\"900\" data-id=\"9561\" src=\"https:\/\/www.farakostolna.sk\/wp-content\/uploads\/2025\/02\/FN42.png\" alt=\"\" class=\"wp-image-9561\" srcset=\"https:\/\/www.farakostolna.sk\/wp-content\/uploads\/2025\/02\/FN42.png 633w, https:\/\/www.farakostolna.sk\/wp-content\/uploads\/2025\/02\/FN42-211x300.png 211w\" sizes=\"auto, (max-width: 633px) 100vw, 633px\" \/><\/a><\/figure>\n\n\n\n<figure class=\"wp-block-image size-large\"><a href=\"https:\/\/drive.google.com\/file\/d\/1EVD0k7assayzvn1gfyoUiE-nh-uoEQcm\/view?usp=sharing\"><img loading=\"lazy\" decoding=\"async\" width=\"633\" height=\"903\" data-id=\"9562\" src=\"https:\/\/www.farakostolna.sk\/wp-content\/uploads\/2025\/02\/FN41.png\" alt=\"\" class=\"wp-image-9562\" srcset=\"https:\/\/www.farakostolna.sk\/wp-content\/uploads\/2025\/02\/FN41.png 633w, https:\/\/www.farakostolna.sk\/wp-content\/uploads\/2025\/02\/FN41-210x300.png 210w\" sizes=\"auto, (max-width: 633px) 100vw, 633px\" \/><\/a><\/figure>\n\n\n\n<figure class=\"wp-block-image size-large\"><a href=\"https:\/\/drive.google.com\/file\/d\/1Q2gea0jbtSlVvRdiiCz1tkUTPdcqJ8oR\/view?usp=sharing\"><img loading=\"lazy\" decoding=\"async\" width=\"632\" height=\"893\" data-id=\"9560\" src=\"https:\/\/www.farakostolna.sk\/wp-content\/uploads\/2025\/02\/FN40.png\" alt=\"\" class=\"wp-image-9560\" srcset=\"https:\/\/www.farakostolna.sk\/wp-content\/uploads\/2025\/02\/FN40.png 632w, https:\/\/www.farakostolna.sk\/wp-content\/uploads\/2025\/02\/FN40-212x300.png 212w\" sizes=\"auto, (max-width: 632px) 100vw, 632px\" \/><\/a><\/figure>\n\n\n\n<figure class=\"wp-block-image size-large\"><a href=\"https:\/\/drive.google.com\/file\/d\/1_a3nHi_tiyaPfUl__sHPgElobCEf1IIU\/view?usp=sharing\"><img loading=\"lazy\" decoding=\"async\" width=\"640\" height=\"907\" data-id=\"9563\" src=\"https:\/\/www.farakostolna.sk\/wp-content\/uploads\/2025\/02\/FN39.png\" alt=\"\" class=\"wp-image-9563\" srcset=\"https:\/\/www.farakostolna.sk\/wp-content\/uploads\/2025\/02\/FN39.png 640w, https:\/\/www.farakostolna.sk\/wp-content\/uploads\/2025\/02\/FN39-212x300.png 212w\" sizes=\"auto, (max-width: 640px) 100vw, 640px\" \/><\/a><\/figure>\n\n\n\n<figure class=\"wp-block-image size-large\"><a href=\"https:\/\/drive.google.com\/file\/d\/1nzcMVpCsnlwx2NVQgV1H9xqWqRmg3DbV\/view?usp=sharing\"><img loading=\"lazy\" decoding=\"async\" width=\"640\" height=\"910\" data-id=\"9564\" src=\"https:\/\/www.farakostolna.sk\/wp-content\/uploads\/2025\/02\/FN35.png\" alt=\"\" class=\"wp-image-9564\" srcset=\"https:\/\/www.farakostolna.sk\/wp-content\/uploads\/2025\/02\/FN35.png 640w, https:\/\/www.farakostolna.sk\/wp-content\/uploads\/2025\/02\/FN35-211x300.png 211w\" sizes=\"auto, (max-width: 640px) 100vw, 640px\" \/><\/a><\/figure>\n<\/figure>\n<\/div><\/div>\n\n\n\n<p><\/p>\n\n\n\n<div class=\"wp-block-group\"><div class=\"wp-block-group__inner-container is-layout-constrained wp-block-group-is-layout-constrained\">\n<p class=\"has-text-align-left\"><a href=\"https:\/\/www.farakostolna.sk\/?page_id=4230\"><strong>&lt;&lt;&lt; Farsk\u00e9 noviny \u010d\u00edsla 68 &#8211; 81<\/strong><\/a> <span style=\"float:right;\"><a href=\"https:\/\/www.farakostolna.sk\/?page_id=9516\"><strong>Farsk\u00e9 noviny \u010d\u00edsla 1 \u2013 34 >>><\/strong><\/a><\/span><\/p>\n<\/div><\/div>\n","protected":false},"excerpt":{"rendered":"<p>&lt;&lt;&lt; Farsk\u00e9 noviny \u010d\u00edsla 68 &#8211; 81 Farsk\u00e9 noviny \u010d\u00edsla 1 \u2013 34 >>><\/p>\n","protected":false},"author":7,"featured_media":0,"parent":0,"menu_order":0,"comment_status":"closed","ping_status":"closed","template":"","meta":{"footnotes":""},"class_list":["entry","page","publish","author-slado89gmail-com","post-9508"],"_links":{"self":[{"href":"https:\/\/www.farakostolna.sk\/index.php?rest_route=\/wp\/v2\/pages\/9508","targetHints":{"allow":["GET"]}}],"collection":[{"href":"https:\/\/www.farakostolna.sk\/index.php?rest_route=\/wp\/v2\/pages"}],"about":[{"href":"https:\/\/www.farakostolna.sk\/index.php?rest_route=\/wp\/v2\/types\/page"}],"author":[{"embeddable":true,"href":"https:\/\/www.farakostolna.sk\/index.php?rest_route=\/wp\/v2\/users\/7"}],"replies":[{"embeddable":true,"href":"https:\/\/www.farakostolna.sk\/index.php?rest_route=%2Fwp%2Fv2%2Fcomments&post=9508"}],"version-history":[{"count":12,"href":"https:\/\/www.farakostolna.sk\/index.php?rest_route=\/wp\/v2\/pages\/9508\/revisions"}],"predecessor-version":[{"id":9573,"href":"https:\/\/www.farakostolna.sk\/index.php?rest_route=\/wp\/v2\/pages\/9508\/revisions\/9573"}],"wp:attachment":[{"href":"https:\/\/www.farakostolna.sk\/index.php?rest_route=%2Fwp%2Fv2%2Fmedia&parent=9508"}],"curies":[{"name":"wp","href":"https:\/\/api.w.org\/{rel}","templated":true}]}}