{"id":4226,"date":"2013-02-18T14:11:05","date_gmt":"2013-02-18T14:11:05","guid":{"rendered":"http:\/\/blog.eltras.sk\/?page_id=49"},"modified":"2025-10-23T16:04:17","modified_gmt":"2025-10-23T14:04:17","slug":"fotogaleria","status":"publish","type":"page","link":"https:\/\/www.farakostolna.sk\/?page_id=4226","title":{"rendered":"Fotogal\u00e9ria"},"content":{"rendered":"\n<div class=\"wp-block-cover\"><img loading=\"lazy\" decoding=\"async\" width=\"1024\" height=\"768\" class=\"wp-block-cover__image-background wp-image-10037\" alt=\"\" src=\"https:\/\/www.farakostolna.sk\/wp-content\/uploads\/2025\/10\/DSC04404-1024x768.jpg\" data-object-fit=\"cover\" srcset=\"https:\/\/www.farakostolna.sk\/wp-content\/uploads\/2025\/10\/DSC04404-1024x768.jpg 1024w, https:\/\/www.farakostolna.sk\/wp-content\/uploads\/2025\/10\/DSC04404-300x225.jpg 300w, https:\/\/www.farakostolna.sk\/wp-content\/uploads\/2025\/10\/DSC04404-768x576.jpg 768w, https:\/\/www.farakostolna.sk\/wp-content\/uploads\/2025\/10\/DSC04404-1536x1152.jpg 1536w, https:\/\/www.farakostolna.sk\/wp-content\/uploads\/2025\/10\/DSC04404.jpg 1683w\" sizes=\"auto, (max-width: 1024px) 100vw, 1024px\" \/><span aria-hidden=\"true\" class=\"wp-block-cover__background has-background-dim\"><\/span><div class=\"wp-block-cover__inner-container is-layout-flow wp-block-cover-is-layout-flow\">\n<p class=\"has-text-align-center has-white-color has-text-color has-link-color has-large-font-size wp-elements-f5e87af2e9d9695c2c58b6fce56897de\"><strong><a href=\"https:\/\/goo.gl\/photos\/fTArYkQGWxrsx6Kt5\" data-type=\"link\" data-id=\"https:\/\/goo.gl\/photos\/fTArYkQGWxrsx6Kt5\" target=\"_blank\" rel=\"noreferrer noopener\">P\u00fa\u0165 do Marianky 2017<\/a><\/strong><\/p>\n<\/div><\/div>\n\n\n\n<hr class=\"wp-block-separator has-alpha-channel-opacity\"\/>\n\n\n\n<div class=\"wp-block-cover\"><img loading=\"lazy\" decoding=\"async\" width=\"1024\" height=\"683\" class=\"wp-block-cover__image-background wp-image-10035\" alt=\"\" src=\"https:\/\/www.farakostolna.sk\/wp-content\/uploads\/2025\/10\/DSC09937-1024x683.jpg\" data-object-fit=\"cover\" srcset=\"https:\/\/www.farakostolna.sk\/wp-content\/uploads\/2025\/10\/DSC09937-1024x683.jpg 1024w, https:\/\/www.farakostolna.sk\/wp-content\/uploads\/2025\/10\/DSC09937-300x200.jpg 300w, https:\/\/www.farakostolna.sk\/wp-content\/uploads\/2025\/10\/DSC09937-768x512.jpg 768w, https:\/\/www.farakostolna.sk\/wp-content\/uploads\/2025\/10\/DSC09937-1536x1024.jpg 1536w, https:\/\/www.farakostolna.sk\/wp-content\/uploads\/2025\/10\/DSC09937.jpg 1893w\" sizes=\"auto, (max-width: 1024px) 100vw, 1024px\" \/><span aria-hidden=\"true\" class=\"wp-block-cover__background has-background-dim\"><\/span><div class=\"wp-block-cover__inner-container is-layout-flow wp-block-cover-is-layout-flow\">\n<p class=\"has-text-align-center has-white-color has-text-color has-link-color has-large-font-size wp-elements-db1a52f79aecc3e85f991539707ffb43\"><strong><a href=\"https:\/\/goo.gl\/photos\/3CSxAvin6qxt8bLF6\" data-type=\"link\" data-id=\"https:\/\/goo.gl\/photos\/3CSxAvin6qxt8bLF6\" target=\"_blank\" rel=\"noreferrer noopener\">sv.Mikul\u00e1\u0161 2016<\/a><\/strong><\/p>\n<\/div><\/div>\n\n\n\n<hr class=\"wp-block-separator has-alpha-channel-opacity\"\/>\n\n\n\n<div class=\"wp-block-cover\"><img loading=\"lazy\" decoding=\"async\" width=\"800\" height=\"600\" class=\"wp-block-cover__image-background wp-image-10033\" alt=\"\" src=\"https:\/\/www.farakostolna.sk\/wp-content\/uploads\/2025\/10\/P003.jpg\" data-object-fit=\"cover\" srcset=\"https:\/\/www.farakostolna.sk\/wp-content\/uploads\/2025\/10\/P003.jpg 800w, https:\/\/www.farakostolna.sk\/wp-content\/uploads\/2025\/10\/P003-300x225.jpg 300w, https:\/\/www.farakostolna.sk\/wp-content\/uploads\/2025\/10\/P003-768x576.jpg 768w\" sizes=\"auto, (max-width: 800px) 100vw, 800px\" \/><span aria-hidden=\"true\" class=\"wp-block-cover__background has-background-dim\"><\/span><div class=\"wp-block-cover__inner-container is-layout-flow wp-block-cover-is-layout-flow\">\n<p class=\"has-text-align-center has-white-color has-text-color has-link-color has-large-font-size wp-elements-c89f68a417ad35d63c91842100c90bcc\"><strong><a href=\"https:\/\/goo.gl\/photos\/pYJtvNSqcwh8nGLq8\" data-type=\"link\" data-id=\"https:\/\/goo.gl\/photos\/pYJtvNSqcwh8nGLq8\" target=\"_blank\" rel=\"noreferrer noopener\">Trnavsk\u00e1 nov\u00e9na 2016<\/a><\/strong><\/p>\n<\/div><\/div>\n\n\n\n<hr class=\"wp-block-separator has-alpha-channel-opacity\"\/>\n\n\n\n<div class=\"wp-block-cover\"><img loading=\"lazy\" decoding=\"async\" width=\"1024\" height=\"683\" class=\"wp-block-cover__image-background wp-image-10031\" alt=\"\" src=\"https:\/\/www.farakostolna.sk\/wp-content\/uploads\/2025\/10\/Hody-KpD-2016_-4-1024x683.jpg\" data-object-fit=\"cover\" srcset=\"https:\/\/www.farakostolna.sk\/wp-content\/uploads\/2025\/10\/Hody-KpD-2016_-4-1024x683.jpg 1024w, https:\/\/www.farakostolna.sk\/wp-content\/uploads\/2025\/10\/Hody-KpD-2016_-4-300x200.jpg 300w, https:\/\/www.farakostolna.sk\/wp-content\/uploads\/2025\/10\/Hody-KpD-2016_-4-768x512.jpg 768w, https:\/\/www.farakostolna.sk\/wp-content\/uploads\/2025\/10\/Hody-KpD-2016_-4-1536x1024.jpg 1536w, https:\/\/www.farakostolna.sk\/wp-content\/uploads\/2025\/10\/Hody-KpD-2016_-4.jpg 1893w\" sizes=\"auto, (max-width: 1024px) 100vw, 1024px\" \/><span aria-hidden=\"true\" class=\"wp-block-cover__background has-background-dim\"><\/span><div class=\"wp-block-cover__inner-container is-layout-flow wp-block-cover-is-layout-flow\">\n<p class=\"has-text-align-center has-white-color has-text-color has-link-color has-large-font-size wp-elements-dd142de21578fb0be3950e5c3367e20f\"><strong><a href=\"https:\/\/goo.gl\/photos\/ggapYE4xTZma5p3t8\" data-type=\"link\" data-id=\"https:\/\/goo.gl\/photos\/ggapYE4xTZma5p3t8\" target=\"_blank\" rel=\"noreferrer noopener\">Hody Kpd 2016<\/a><\/strong><\/p>\n<\/div><\/div>\n\n\n\n<hr class=\"wp-block-separator has-alpha-channel-opacity\"\/>\n\n\n\n<div class=\"wp-block-cover\"><img loading=\"lazy\" decoding=\"async\" width=\"1024\" height=\"768\" class=\"wp-block-cover__image-background wp-image-10029\" alt=\"\" src=\"https:\/\/www.farakostolna.sk\/wp-content\/uploads\/2025\/10\/P1090278-1024x768.jpg\" data-object-fit=\"cover\" srcset=\"https:\/\/www.farakostolna.sk\/wp-content\/uploads\/2025\/10\/P1090278-1024x768.jpg 1024w, https:\/\/www.farakostolna.sk\/wp-content\/uploads\/2025\/10\/P1090278-300x225.jpg 300w, https:\/\/www.farakostolna.sk\/wp-content\/uploads\/2025\/10\/P1090278-768x576.jpg 768w, https:\/\/www.farakostolna.sk\/wp-content\/uploads\/2025\/10\/P1090278-1536x1152.jpg 1536w, https:\/\/www.farakostolna.sk\/wp-content\/uploads\/2025\/10\/P1090278.jpg 1600w\" sizes=\"auto, (max-width: 1024px) 100vw, 1024px\" \/><span aria-hidden=\"true\" class=\"wp-block-cover__background has-background-dim\"><\/span><div class=\"wp-block-cover__inner-container is-layout-flow wp-block-cover-is-layout-flow\">\n<p class=\"has-text-align-center has-white-color has-text-color has-link-color has-large-font-size wp-elements-cea36a9e63dc5f3d4f2dfd57b0f1d17e\"><strong><a href=\"https:\/\/goo.gl\/photos\/hQUEDSUk6n2HkfHZ9\" data-type=\"link\" data-id=\"https:\/\/goo.gl\/photos\/hQUEDSUk6n2HkfHZ9\" target=\"_blank\" rel=\"noreferrer noopener\">MM Sep 2016<\/a><\/strong><\/p>\n<\/div><\/div>\n\n\n\n<hr class=\"wp-block-separator has-alpha-channel-opacity\"\/>\n\n\n\n<div class=\"wp-block-cover\"><img loading=\"lazy\" decoding=\"async\" width=\"1024\" height=\"575\" class=\"wp-block-cover__image-background wp-image-10025\" alt=\"\" src=\"https:\/\/www.farakostolna.sk\/wp-content\/uploads\/2025\/10\/IMG_20160919_093417-1-1024x575.jpg\" data-object-fit=\"cover\" srcset=\"https:\/\/www.farakostolna.sk\/wp-content\/uploads\/2025\/10\/IMG_20160919_093417-1-1024x575.jpg 1024w, https:\/\/www.farakostolna.sk\/wp-content\/uploads\/2025\/10\/IMG_20160919_093417-1-300x168.jpg 300w, https:\/\/www.farakostolna.sk\/wp-content\/uploads\/2025\/10\/IMG_20160919_093417-1-768x431.jpg 768w, https:\/\/www.farakostolna.sk\/wp-content\/uploads\/2025\/10\/IMG_20160919_093417-1-1536x863.jpg 1536w, https:\/\/www.farakostolna.sk\/wp-content\/uploads\/2025\/10\/IMG_20160919_093417-1-2048x1150.jpg 2048w\" sizes=\"auto, (max-width: 1024px) 100vw, 1024px\" \/><span aria-hidden=\"true\" class=\"wp-block-cover__background has-background-dim\"><\/span><div class=\"wp-block-cover__inner-container is-layout-flow wp-block-cover-is-layout-flow\">\n<p class=\"has-text-align-center has-white-color has-text-color has-link-color has-large-font-size wp-elements-f0ec41a087dd656729ad5920c4f61050\"><strong><a href=\"https:\/\/goo.gl\/photos\/2gsmxTz7cKBTrEPB8\" data-type=\"link\" data-id=\"https:\/\/goo.gl\/photos\/2gsmxTz7cKBTrEPB8\" target=\"_blank\" rel=\"noreferrer noopener\">Po\u013esko 2016<\/a><\/strong><\/p>\n<\/div><\/div>\n\n\n\n<hr class=\"wp-block-separator has-alpha-channel-opacity\"\/>\n\n\n\n<div class=\"wp-block-cover\"><img loading=\"lazy\" decoding=\"async\" width=\"1024\" height=\"768\" class=\"wp-block-cover__image-background wp-image-10022\" alt=\"\" src=\"https:\/\/www.farakostolna.sk\/wp-content\/uploads\/2025\/10\/IMG_1018-1024x768.jpg\" data-object-fit=\"cover\" srcset=\"https:\/\/www.farakostolna.sk\/wp-content\/uploads\/2025\/10\/IMG_1018-1024x768.jpg 1024w, https:\/\/www.farakostolna.sk\/wp-content\/uploads\/2025\/10\/IMG_1018-300x225.jpg 300w, https:\/\/www.farakostolna.sk\/wp-content\/uploads\/2025\/10\/IMG_1018-768x576.jpg 768w, https:\/\/www.farakostolna.sk\/wp-content\/uploads\/2025\/10\/IMG_1018-1536x1152.jpg 1536w, https:\/\/www.farakostolna.sk\/wp-content\/uploads\/2025\/10\/IMG_1018.jpg 1683w\" sizes=\"auto, (max-width: 1024px) 100vw, 1024px\" \/><span aria-hidden=\"true\" class=\"wp-block-cover__background has-background-dim\"><\/span><div class=\"wp-block-cover__inner-container is-layout-flow wp-block-cover-is-layout-flow\">\n<p class=\"has-text-align-center has-white-color has-text-color has-link-color has-large-font-size wp-elements-51b47ee3ac47c68d9fc1b3ad03825b9c\"><strong><a href=\"https:\/\/goo.gl\/photos\/WB6ggM7v2nSSidCC7\" data-type=\"link\" data-id=\"https:\/\/goo.gl\/photos\/WB6ggM7v2nSSidCC7\">R\u00edm<\/a><a href=\"https:\/\/goo.gl\/photos\/WB6ggM7v2nSSidCC7\" data-type=\"link\" data-id=\"https:\/\/goo.gl\/photos\/WB6ggM7v2nSSidCC7\" target=\"_blank\" rel=\"noreferrer noopener\"> <\/a><a href=\"https:\/\/goo.gl\/photos\/WB6ggM7v2nSSidCC7\" data-type=\"link\" data-id=\"https:\/\/goo.gl\/photos\/WB6ggM7v2nSSidCC7\">2016<\/a><\/strong><\/p>\n<\/div><\/div>\n\n\n\n<hr class=\"wp-block-separator has-alpha-channel-opacity\"\/>\n\n\n\n<div class=\"wp-block-cover\"><img loading=\"lazy\" decoding=\"async\" width=\"1024\" height=\"683\" class=\"wp-block-cover__image-background wp-image-10020\" alt=\"\" src=\"https:\/\/www.farakostolna.sk\/wp-content\/uploads\/2025\/10\/IMG_7610.jpg\" data-object-fit=\"cover\" srcset=\"https:\/\/www.farakostolna.sk\/wp-content\/uploads\/2025\/10\/IMG_7610.jpg 1024w, https:\/\/www.farakostolna.sk\/wp-content\/uploads\/2025\/10\/IMG_7610-300x200.jpg 300w, https:\/\/www.farakostolna.sk\/wp-content\/uploads\/2025\/10\/IMG_7610-768x512.jpg 768w\" sizes=\"auto, (max-width: 1024px) 100vw, 1024px\" \/><span aria-hidden=\"true\" class=\"wp-block-cover__background has-background-dim\"><\/span><div class=\"wp-block-cover__inner-container is-layout-flow wp-block-cover-is-layout-flow\">\n<p class=\"has-text-align-center has-white-color has-text-color has-link-color has-large-font-size wp-elements-5ce61ef3eaf7bdf505059df10a90cae4\"><strong><a href=\"https:\/\/goo.gl\/photos\/MD6f68RferVsaz1r8\" data-type=\"link\" data-id=\"https:\/\/goo.gl\/photos\/MD6f68RferVsaz1r8\">\u010ee\u0148 rodiny <\/a><a href=\"https:\/\/goo.gl\/photos\/MD6f68RferVsaz1r8\" data-type=\"link\" data-id=\"https:\/\/goo.gl\/photos\/MD6f68RferVsaz1r8\" target=\"_blank\" rel=\"noreferrer noopener\">2016<\/a><\/strong><\/p>\n<\/div><\/div>\n\n\n\n<hr class=\"wp-block-separator has-alpha-channel-opacity\"\/>\n\n\n\n<div class=\"wp-block-cover\"><img loading=\"lazy\" decoding=\"async\" width=\"800\" height=\"600\" class=\"wp-block-cover__image-background wp-image-10018\" alt=\"\" src=\"https:\/\/www.farakostolna.sk\/wp-content\/uploads\/2025\/10\/P1100164.jpg\" data-object-fit=\"cover\" srcset=\"https:\/\/www.farakostolna.sk\/wp-content\/uploads\/2025\/10\/P1100164.jpg 800w, https:\/\/www.farakostolna.sk\/wp-content\/uploads\/2025\/10\/P1100164-300x225.jpg 300w, https:\/\/www.farakostolna.sk\/wp-content\/uploads\/2025\/10\/P1100164-768x576.jpg 768w\" sizes=\"auto, (max-width: 800px) 100vw, 800px\" \/><span aria-hidden=\"true\" class=\"wp-block-cover__background has-background-dim\"><\/span><div class=\"wp-block-cover__inner-container is-layout-flow wp-block-cover-is-layout-flow\">\n<p class=\"has-text-align-center has-white-color has-text-color has-link-color has-large-font-size wp-elements-1e10cd34c315ff92b65fe5336cca2515\"><strong><a href=\"https:\/\/goo.gl\/photos\/mspMdJmwKLsfqqG9A\" data-type=\"link\" data-id=\"https:\/\/goo.gl\/photos\/mspMdJmwKLsfqqG9A\">P\u00fa\u0165 B\u00e1\u010d <\/a><a href=\"https:\/\/goo.gl\/photos\/mspMdJmwKLsfqqG9A\" data-type=\"link\" data-id=\"https:\/\/goo.gl\/photos\/mspMdJmwKLsfqqG9A\" target=\"_blank\" rel=\"noreferrer noopener\">2016<\/a><\/strong><\/p>\n<\/div><\/div>\n\n\n\n<hr class=\"wp-block-separator has-alpha-channel-opacity\"\/>\n\n\n\n<div class=\"wp-block-cover\"><img loading=\"lazy\" decoding=\"async\" width=\"1024\" height=\"683\" class=\"wp-block-cover__image-background wp-image-10016\" alt=\"\" src=\"https:\/\/www.farakostolna.sk\/wp-content\/uploads\/2025\/10\/DSC08708-1024x683.jpg\" data-object-fit=\"cover\" srcset=\"https:\/\/www.farakostolna.sk\/wp-content\/uploads\/2025\/10\/DSC08708-1024x683.jpg 1024w, https:\/\/www.farakostolna.sk\/wp-content\/uploads\/2025\/10\/DSC08708-300x200.jpg 300w, https:\/\/www.farakostolna.sk\/wp-content\/uploads\/2025\/10\/DSC08708-768x512.jpg 768w, https:\/\/www.farakostolna.sk\/wp-content\/uploads\/2025\/10\/DSC08708-1536x1024.jpg 1536w, https:\/\/www.farakostolna.sk\/wp-content\/uploads\/2025\/10\/DSC08708.jpg 1893w\" sizes=\"auto, (max-width: 1024px) 100vw, 1024px\" \/><span aria-hidden=\"true\" class=\"wp-block-cover__background has-background-dim\"><\/span><div class=\"wp-block-cover__inner-container is-layout-flow wp-block-cover-is-layout-flow\">\n<p class=\"has-text-align-center has-white-color has-text-color has-link-color has-large-font-size wp-elements-15e2d9fea7547ea51efe841f821d336e\"><strong><a href=\"https:\/\/goo.gl\/photos\/9SowitERroTvkCqr5\" data-type=\"link\" data-id=\"https:\/\/goo.gl\/photos\/9SowitERroTvkCqr5\">Kr\u00ed\u017eov\u00e1 cesta <\/a><a href=\"https:\/\/goo.gl\/photos\/9SowitERroTvkCqr5\" data-type=\"link\" data-id=\"https:\/\/goo.gl\/photos\/9SowitERroTvkCqr5\" target=\"_blank\" rel=\"noreferrer noopener\">2016<\/a><\/strong><\/p>\n<\/div><\/div>\n\n\n\n<hr class=\"wp-block-separator has-alpha-channel-opacity\"\/>\n\n\n\n<div class=\"wp-block-cover\"><img loading=\"lazy\" decoding=\"async\" width=\"1024\" height=\"768\" class=\"wp-block-cover__image-background wp-image-10015\" alt=\"\" src=\"https:\/\/www.farakostolna.sk\/wp-content\/uploads\/2025\/10\/160225-017-1024x768.jpg\" data-object-fit=\"cover\" srcset=\"https:\/\/www.farakostolna.sk\/wp-content\/uploads\/2025\/10\/160225-017-1024x768.jpg 1024w, https:\/\/www.farakostolna.sk\/wp-content\/uploads\/2025\/10\/160225-017-300x225.jpg 300w, https:\/\/www.farakostolna.sk\/wp-content\/uploads\/2025\/10\/160225-017-768x576.jpg 768w, https:\/\/www.farakostolna.sk\/wp-content\/uploads\/2025\/10\/160225-017-1536x1152.jpg 1536w, https:\/\/www.farakostolna.sk\/wp-content\/uploads\/2025\/10\/160225-017.jpg 1683w\" sizes=\"auto, (max-width: 1024px) 100vw, 1024px\" \/><span aria-hidden=\"true\" class=\"wp-block-cover__background has-background-dim\"><\/span><div class=\"wp-block-cover__inner-container is-layout-flow wp-block-cover-is-layout-flow\">\n<p class=\"has-text-align-center has-white-color has-text-color has-link-color has-large-font-size wp-elements-c3c6fcf0af476739ae24ed19e8e2a622\"><a href=\"https:\/\/goo.gl\/photos\/wCQb6Z65PYaK5gtb8\" data-type=\"link\" data-id=\"https:\/\/goo.gl\/photos\/wCQb6Z65PYaK5gtb8\"><strong>Duch.obnova s o.<\/strong><\/a><strong><a href=\"https:\/\/goo.gl\/photos\/wCQb6Z65PYaK5gtb8\" data-type=\"link\" data-id=\"https:\/\/goo.gl\/photos\/wCQb6Z65PYaK5gtb8\" target=\"_blank\" rel=\"noreferrer noopener\">Jozefom<\/a><\/strong><a href=\"https:\/\/goo.gl\/photos\/wCQb6Z65PYaK5gtb8\" data-type=\"link\" data-id=\"https:\/\/goo.gl\/photos\/wCQb6Z65PYaK5gtb8\"><strong> Tothom 2016<\/strong><\/a><\/p>\n<\/div><\/div>\n\n\n\n<hr class=\"wp-block-separator has-alpha-channel-opacity\"\/>\n\n\n\n<div class=\"wp-block-cover\"><img loading=\"lazy\" decoding=\"async\" width=\"1024\" height=\"768\" class=\"wp-block-cover__image-background wp-image-10013\" alt=\"\" src=\"https:\/\/www.farakostolna.sk\/wp-content\/uploads\/2025\/10\/IMG_0118-1024x768.jpg\" data-object-fit=\"cover\" srcset=\"https:\/\/www.farakostolna.sk\/wp-content\/uploads\/2025\/10\/IMG_0118-1024x768.jpg 1024w, https:\/\/www.farakostolna.sk\/wp-content\/uploads\/2025\/10\/IMG_0118-300x225.jpg 300w, https:\/\/www.farakostolna.sk\/wp-content\/uploads\/2025\/10\/IMG_0118-768x576.jpg 768w, https:\/\/www.farakostolna.sk\/wp-content\/uploads\/2025\/10\/IMG_0118-1536x1152.jpg 1536w, https:\/\/www.farakostolna.sk\/wp-content\/uploads\/2025\/10\/IMG_0118.jpg 1682w\" sizes=\"auto, (max-width: 1024px) 100vw, 1024px\" \/><span aria-hidden=\"true\" class=\"wp-block-cover__background has-background-dim\"><\/span><div class=\"wp-block-cover__inner-container is-layout-flow wp-block-cover-is-layout-flow\">\n<p class=\"has-text-align-center has-white-color has-text-color has-link-color has-large-font-size wp-elements-f922e271332ad273e1adba79cc10d25d\"><strong><a href=\"https:\/\/goo.gl\/photos\/EV5pbkaNUwkZD3pR9\" data-type=\"link\" data-id=\"https:\/\/goo.gl\/photos\/EV5pbkaNUwkZD3pR9\" target=\"_blank\" rel=\"noreferrer noopener\">pred Valent\u00ednsky ve\u010der 2016<\/a><\/strong><\/p>\n<\/div><\/div>\n\n\n\n<hr class=\"wp-block-separator has-alpha-channel-opacity\"\/>\n\n\n\n<div class=\"wp-block-cover\"><img loading=\"lazy\" decoding=\"async\" width=\"1024\" height=\"768\" class=\"wp-block-cover__image-background wp-image-10009\" alt=\"\" src=\"https:\/\/www.farakostolna.sk\/wp-content\/uploads\/2025\/10\/160120-004-1024x768.jpg\" data-object-fit=\"cover\" srcset=\"https:\/\/www.farakostolna.sk\/wp-content\/uploads\/2025\/10\/160120-004-1024x768.jpg 1024w, https:\/\/www.farakostolna.sk\/wp-content\/uploads\/2025\/10\/160120-004-300x225.jpg 300w, https:\/\/www.farakostolna.sk\/wp-content\/uploads\/2025\/10\/160120-004-768x576.jpg 768w, https:\/\/www.farakostolna.sk\/wp-content\/uploads\/2025\/10\/160120-004.jpg 1080w\" sizes=\"auto, (max-width: 1024px) 100vw, 1024px\" \/><span aria-hidden=\"true\" class=\"wp-block-cover__background has-background-dim\"><\/span><div class=\"wp-block-cover__inner-container is-layout-flow wp-block-cover-is-layout-flow\">\n<p class=\"has-text-align-center has-white-color has-text-color has-link-color has-large-font-size wp-elements-6080946b8706e24ae94aa96518cdb2b1\"><a href=\"https:\/\/goo.gl\/photos\/NmcXgvYPabq91AAG9\" data-type=\"link\" data-id=\"https:\/\/goo.gl\/photos\/NmcXgvYPabq91AAG9\"><strong>Ekumenicke stretnutie 2016<\/strong><\/a><\/p>\n<\/div><\/div>\n\n\n\n<hr class=\"wp-block-separator has-alpha-channel-opacity\"\/>\n\n\n\n<div class=\"wp-block-cover\"><img loading=\"lazy\" decoding=\"async\" width=\"1024\" height=\"683\" class=\"wp-block-cover__image-background wp-image-10003\" alt=\"\" src=\"https:\/\/www.farakostolna.sk\/wp-content\/uploads\/2025\/10\/DSC08472-1024x683.jpg\" data-object-fit=\"cover\" srcset=\"https:\/\/www.farakostolna.sk\/wp-content\/uploads\/2025\/10\/DSC08472-1024x683.jpg 1024w, https:\/\/www.farakostolna.sk\/wp-content\/uploads\/2025\/10\/DSC08472-300x200.jpg 300w, https:\/\/www.farakostolna.sk\/wp-content\/uploads\/2025\/10\/DSC08472-768x512.jpg 768w, https:\/\/www.farakostolna.sk\/wp-content\/uploads\/2025\/10\/DSC08472-1536x1024.jpg 1536w, https:\/\/www.farakostolna.sk\/wp-content\/uploads\/2025\/10\/DSC08472.jpg 1893w\" sizes=\"auto, (max-width: 1024px) 100vw, 1024px\" \/><span aria-hidden=\"true\" class=\"wp-block-cover__background has-background-dim\"><\/span><div class=\"wp-block-cover__inner-container is-layout-flow wp-block-cover-is-layout-flow\">\n<p class=\"has-text-align-center has-white-color has-text-color has-link-color has-large-font-size wp-elements-94e72da85d4e024de3ad558177bdca12\"><a href=\"https:\/\/goo.gl\/photos\/JdnqMSEqA84cimJN8\" data-type=\"link\" data-id=\"https:\/\/goo.gl\/photos\/JdnqMSEqA84cimJN8\" target=\"_blank\" rel=\"noreferrer noopener\"><strong>Sviatok krstu s o.Halkom<\/strong><\/a><\/p>\n\n\n\n<p><\/p>\n<\/div><\/div>\n\n\n\n<hr class=\"wp-block-separator has-alpha-channel-opacity\"\/>\n\n\n\n<div class=\"wp-block-cover\"><img loading=\"lazy\" decoding=\"async\" width=\"1024\" height=\"682\" class=\"wp-block-cover__image-background wp-image-9998\" alt=\"\" src=\"https:\/\/www.farakostolna.sk\/wp-content\/uploads\/2025\/10\/DSC07907-1024x682.jpg\" data-object-fit=\"cover\" srcset=\"https:\/\/www.farakostolna.sk\/wp-content\/uploads\/2025\/10\/DSC07907-1024x682.jpg 1024w, https:\/\/www.farakostolna.sk\/wp-content\/uploads\/2025\/10\/DSC07907-300x200.jpg 300w, https:\/\/www.farakostolna.sk\/wp-content\/uploads\/2025\/10\/DSC07907-768x512.jpg 768w, https:\/\/www.farakostolna.sk\/wp-content\/uploads\/2025\/10\/DSC07907.jpg 1376w\" sizes=\"auto, (max-width: 1024px) 100vw, 1024px\" \/><span aria-hidden=\"true\" class=\"wp-block-cover__background has-background-dim\"><\/span><div class=\"wp-block-cover__inner-container is-layout-flow wp-block-cover-is-layout-flow\">\n<p class=\"has-text-align-center has-white-color has-text-color has-link-color has-large-font-size wp-elements-205cf9273450c03f13397ffb8fc3050d\"><a href=\"https:\/\/goo.gl\/photos\/LhwCz97z9ADLd76JA\" data-type=\"link\" data-id=\"https:\/\/goo.gl\/photos\/LhwCz97z9ADLd76JA\"><strong>Sv.Mikulas 2015<\/strong><\/a><\/p>\n<\/div><\/div>\n\n\n\n<figure class=\"wp-block-gallery has-nested-images columns-default is-cropped wp-block-gallery-1 is-layout-flex wp-block-gallery-is-layout-flex\">\n<figure class=\"wp-block-image size-large\"><img loading=\"lazy\" decoding=\"async\" width=\"1024\" height=\"768\" data-id=\"1350\" src=\"https:\/\/www.farakostolna.sk\/wp-content\/uploads\/2024\/01\/IMG_2763-1024x768.jpg\" alt=\"\" class=\"wp-image-1350\" srcset=\"https:\/\/www.farakostolna.sk\/wp-content\/uploads\/2024\/01\/IMG_2763-1024x768.jpg 1024w, https:\/\/www.farakostolna.sk\/wp-content\/uploads\/2024\/01\/IMG_2763-300x225.jpg 300w, https:\/\/www.farakostolna.sk\/wp-content\/uploads\/2024\/01\/IMG_2763-768x576.jpg 768w, https:\/\/www.farakostolna.sk\/wp-content\/uploads\/2024\/01\/IMG_2763.jpg 1469w\" sizes=\"auto, (max-width: 1024px) 100vw, 1024px\" \/><figcaption class=\"wp-element-caption\"><a href=\"https:\/\/photos.app.goo.gl\/egJauyNWwm4fSFhG9\" target=\"_blank\" rel=\"noreferrer noopener\">Rekonstrukcia fary<\/a><\/figcaption><\/figure>\n\n\n\n<figure class=\"wp-block-image size-large\"><img loading=\"lazy\" decoding=\"async\" width=\"1024\" height=\"768\" data-id=\"1349\" src=\"https:\/\/www.farakostolna.sk\/wp-content\/uploads\/2024\/01\/IMG_0249-1024x768.jpg\" alt=\"\" class=\"wp-image-1349\" srcset=\"https:\/\/www.farakostolna.sk\/wp-content\/uploads\/2024\/01\/IMG_0249-1024x768.jpg 1024w, https:\/\/www.farakostolna.sk\/wp-content\/uploads\/2024\/01\/IMG_0249-300x225.jpg 300w, https:\/\/www.farakostolna.sk\/wp-content\/uploads\/2024\/01\/IMG_0249-768x576.jpg 768w, https:\/\/www.farakostolna.sk\/wp-content\/uploads\/2024\/01\/IMG_0249.jpg 1469w\" sizes=\"auto, (max-width: 1024px) 100vw, 1024px\" \/><figcaption class=\"wp-element-caption\"><a href=\"https:\/\/photos.app.goo.gl\/j4fTNyShRFb8NA5M8\" target=\"_blank\" rel=\"noreferrer noopener\">Rekonstrukcia kostola<\/a><\/figcaption><\/figure>\n<\/figure>\n","protected":false},"excerpt":{"rendered":"","protected":false},"author":1,"featured_media":0,"parent":0,"menu_order":0,"comment_status":"closed","ping_status":"closed","template":"","meta":{"footnotes":""},"class_list":["entry","page","publish","author-marian-jasenoveceltras-sk","has-excerpt","post-4226"],"_links":{"self":[{"href":"https:\/\/www.farakostolna.sk\/index.php?rest_route=\/wp\/v2\/pages\/4226","targetHints":{"allow":["GET"]}}],"collection":[{"href":"https:\/\/www.farakostolna.sk\/index.php?rest_route=\/wp\/v2\/pages"}],"about":[{"href":"https:\/\/www.farakostolna.sk\/index.php?rest_route=\/wp\/v2\/types\/page"}],"author":[{"embeddable":true,"href":"https:\/\/www.farakostolna.sk\/index.php?rest_route=\/wp\/v2\/users\/1"}],"replies":[{"embeddable":true,"href":"https:\/\/www.farakostolna.sk\/index.php?rest_route=%2Fwp%2Fv2%2Fcomments&post=4226"}],"version-history":[{"count":29,"href":"https:\/\/www.farakostolna.sk\/index.php?rest_route=\/wp\/v2\/pages\/4226\/revisions"}],"predecessor-version":[{"id":10038,"href":"https:\/\/www.farakostolna.sk\/index.php?rest_route=\/wp\/v2\/pages\/4226\/revisions\/10038"}],"wp:attachment":[{"href":"https:\/\/www.farakostolna.sk\/index.php?rest_route=%2Fwp%2Fv2%2Fmedia&parent=4226"}],"curies":[{"name":"wp","href":"https:\/\/api.w.org\/{rel}","templated":true}]}}