{"id":4224,"date":"2013-02-18T13:59:24","date_gmt":"2013-02-18T13:59:24","guid":{"rendered":"http:\/\/blog.eltras.sk\/?page_id=35"},"modified":"2025-10-18T11:18:52","modified_gmt":"2025-10-18T09:18:52","slug":"farsky-urad","status":"publish","type":"page","link":"https:\/\/www.farakostolna.sk\/?page_id=4224","title":{"rendered":"Farsk\u00fd \u00farad"},"content":{"rendered":"\n<p class=\"has-text-align-right\"><strong>Farnos\u0165 spravuje:&nbsp;<\/strong> <strong>JCLic. Mgr. Andrej Bo\u0161\u0148\u00e1k<\/strong>, farsk\u00fd administr\u00e1tor<\/p>\n\n\n\n<p class=\"has-text-align-right\"><strong>e-mail:<\/strong> kostolna-pri-dunaji@ba.ecclesia.sk<\/p>\n\n\n\n<p class=\"has-text-align-right\"><strong>mobil: <\/strong>0909 266 040<\/p>\n\n\n\n<hr class=\"wp-block-separator has-alpha-channel-opacity\"\/>\n\n\n\n<p><\/p>\n","protected":false},"excerpt":{"rendered":"<p>Farnos\u0165 spravuje:&nbsp; JCLic. Mgr. Andrej Bo\u0161\u0148\u00e1k, farsk\u00fd administr\u00e1tor e-mail: kostolna-pri-dunaji@ba.ecclesia.sk mobil: 0909 266 040<\/p>\n","protected":false},"author":1,"featured_media":0,"parent":0,"menu_order":0,"comment_status":"closed","ping_status":"closed","template":"","meta":{"footnotes":""},"class_list":["entry","page","publish","author-marian-jasenoveceltras-sk","has-excerpt","post-4224"],"_links":{"self":[{"href":"https:\/\/www.farakostolna.sk\/index.php?rest_route=\/wp\/v2\/pages\/4224","targetHints":{"allow":["GET"]}}],"collection":[{"href":"https:\/\/www.farakostolna.sk\/index.php?rest_route=\/wp\/v2\/pages"}],"about":[{"href":"https:\/\/www.farakostolna.sk\/index.php?rest_route=\/wp\/v2\/types\/page"}],"author":[{"embeddable":true,"href":"https:\/\/www.farakostolna.sk\/index.php?rest_route=\/wp\/v2\/users\/1"}],"replies":[{"embeddable":true,"href":"https:\/\/www.farakostolna.sk\/index.php?rest_route=%2Fwp%2Fv2%2Fcomments&post=4224"}],"version-history":[{"count":9,"href":"https:\/\/www.farakostolna.sk\/index.php?rest_route=\/wp\/v2\/pages\/4224\/revisions"}],"predecessor-version":[{"id":9993,"href":"https:\/\/www.farakostolna.sk\/index.php?rest_route=\/wp\/v2\/pages\/4224\/revisions\/9993"}],"wp:attachment":[{"href":"https:\/\/www.farakostolna.sk\/index.php?rest_route=%2Fwp%2Fv2%2Fmedia&parent=4224"}],"curies":[{"name":"wp","href":"https:\/\/api.w.org\/{rel}","templated":true}]}}