{"id":3357,"date":"2017-10-28T20:40:06","date_gmt":"2017-10-28T20:40:06","guid":{"rendered":"http:\/\/kostolna.fara.sk\/?page_id=3357"},"modified":"2017-10-28T20:40:06","modified_gmt":"2017-10-28T20:40:06","slug":"pre-birmovancov","status":"publish","type":"page","link":"https:\/\/www.farakostolna.sk\/?page_id=3357","title":{"rendered":"Pre birmovancov"},"content":{"rendered":"<p><a href=\"https:\/\/drive.google.com\/file\/d\/15RFyzXcZhaZ5odRhmaOgB9GUwNumwIKD\/view?usp=sharing\">Prihl\u00e1\u0161ka na sviatos\u0165 birmovania<\/a><\/p>\n","protected":false},"excerpt":{"rendered":"<p>Prihl\u00e1\u0161ka na sviatos\u0165 birmovania<\/p>\n","protected":false},"author":7,"featured_media":0,"parent":0,"menu_order":0,"comment_status":"closed","ping_status":"closed","template":"","meta":{"footnotes":""},"class_list":["entry","page","publish","author-slado89gmail-com","has-excerpt","post-3357"],"_links":{"self":[{"href":"https:\/\/www.farakostolna.sk\/index.php?rest_route=\/wp\/v2\/pages\/3357","targetHints":{"allow":["GET"]}}],"collection":[{"href":"https:\/\/www.farakostolna.sk\/index.php?rest_route=\/wp\/v2\/pages"}],"about":[{"href":"https:\/\/www.farakostolna.sk\/index.php?rest_route=\/wp\/v2\/types\/page"}],"author":[{"embeddable":true,"href":"https:\/\/www.farakostolna.sk\/index.php?rest_route=\/wp\/v2\/users\/7"}],"replies":[{"embeddable":true,"href":"https:\/\/www.farakostolna.sk\/index.php?rest_route=%2Fwp%2Fv2%2Fcomments&post=3357"}],"version-history":[{"count":0,"href":"https:\/\/www.farakostolna.sk\/index.php?rest_route=\/wp\/v2\/pages\/3357\/revisions"}],"wp:attachment":[{"href":"https:\/\/www.farakostolna.sk\/index.php?rest_route=%2Fwp%2Fv2%2Fmedia&parent=3357"}],"curies":[{"name":"wp","href":"https:\/\/api.w.org\/{rel}","templated":true}]}}