{"id":2350,"date":"2015-05-30T07:16:09","date_gmt":"2015-05-30T07:16:09","guid":{"rendered":"http:\/\/kostolna.fara.sk\/?page_id=2350"},"modified":"2025-09-13T14:03:29","modified_gmt":"2025-09-13T12:03:29","slug":"pre-prvoprijimajucich","status":"publish","type":"page","link":"https:\/\/www.farakostolna.sk\/?page_id=2350","title":{"rendered":"Pre prvoprij\u00edmaj\u00facich"},"content":{"rendered":"<ul>\n<li><strong><a href=\"https:\/\/docs.google.com\/document\/d\/11V7T7ZVgBI8ez01juXh2EVmV5JntVkM-\/edit?usp=sharing&amp;ouid=102246233181202319250&amp;rtpof=true&amp;sd=true\">Prihl\u00e1\u0161ka na sv. prij\u00edmanie 2025<\/a><\/strong><\/li>\n<li><strong style=\"font-size: revert; color: initial;\"><a href=\"https:\/\/docs.google.com\/document\/d\/13v-srzl5-0yLh0Qr0Lry3tgAc1aAB6ZY\/edit?usp=sharing&amp;ouid=102246233181202319250&amp;rtpof=true&amp;sd=true\">Elso\u030ba\u0301ldoza\u0301si jelentkeze\u0301si lap 2025<\/a><\/strong><\/li>\n<\/ul>\n\n\n<p><\/p>\n","protected":false},"excerpt":{"rendered":"<p>Prihl\u00e1\u0161ka na sv. prij\u00edmanie 2025 Elso\u030ba\u0301ldoza\u0301si jelentkeze\u0301si lap 2025<\/p>\n","protected":false},"author":1,"featured_media":0,"parent":0,"menu_order":0,"comment_status":"open","ping_status":"open","template":"","meta":{"footnotes":""},"class_list":["entry","page","publish","author-marian-jasenoveceltras-sk","has-excerpt","post-2350"],"_links":{"self":[{"href":"https:\/\/www.farakostolna.sk\/index.php?rest_route=\/wp\/v2\/pages\/2350","targetHints":{"allow":["GET"]}}],"collection":[{"href":"https:\/\/www.farakostolna.sk\/index.php?rest_route=\/wp\/v2\/pages"}],"about":[{"href":"https:\/\/www.farakostolna.sk\/index.php?rest_route=\/wp\/v2\/types\/page"}],"author":[{"embeddable":true,"href":"https:\/\/www.farakostolna.sk\/index.php?rest_route=\/wp\/v2\/users\/1"}],"replies":[{"embeddable":true,"href":"https:\/\/www.farakostolna.sk\/index.php?rest_route=%2Fwp%2Fv2%2Fcomments&post=2350"}],"version-history":[{"count":6,"href":"https:\/\/www.farakostolna.sk\/index.php?rest_route=\/wp\/v2\/pages\/2350\/revisions"}],"predecessor-version":[{"id":9964,"href":"https:\/\/www.farakostolna.sk\/index.php?rest_route=\/wp\/v2\/pages\/2350\/revisions\/9964"}],"wp:attachment":[{"href":"https:\/\/www.farakostolna.sk\/index.php?rest_route=%2Fwp%2Fv2%2Fmedia&parent=2350"}],"curies":[{"name":"wp","href":"https:\/\/api.w.org\/{rel}","templated":true}]}}